{"id":1625,"date":"2021-10-26T14:00:38","date_gmt":"2021-10-26T12:00:38","guid":{"rendered":"https:\/\/dev.pet-innovators.nl\/datenschutz-erklaerung\/"},"modified":"2021-10-26T14:07:50","modified_gmt":"2021-10-26T12:07:50","slug":"datenschutz-erklaerung","status":"publish","type":"page","link":"https:\/\/pet-innovators.nl\/de\/datenschutz-erklaerung\/","title":{"rendered":"Datenschutz-Erkl\u00e4rung"},"content":{"rendered":"\r\n<h2 class=\"wp-block-heading\">Wer sind wir?<\/h2>\r\n\r\n\r\n\r\n<p>Unsere Website lautet: https:\/\/dev.pet-innovators.nl<\/p>\r\n\r\n\r\n\r\n<h2 class=\"wp-block-heading\">Welche pers\u00f6nlichen Informationen wir sammeln und warum wir sie sammeln<\/h2>\r\n\r\n\r\n\r\n<h3 class=\"wp-block-heading\">Kommentare<\/h3>\r\n\r\n\r\n\r\n<p>Wenn ein Besucher einen Kommentar auf unserer Website hinterl\u00e4sst, erfassen wir die im Kommentarformular angezeigten Informationen, die IP-Adresse des Besuchers und den Browser-Benutzeragenten, um Spam zu erkennen.<\/p>\r\n\r\n\r\n\r\n<p>Eine anonymisierte Zeichenkette, die auf der Grundlage Ihrer E-Mail-Adresse erstellt wurde (dies wird als Hash bezeichnet), kann an den Gravatar-Dienst gesendet werden, falls Sie diesen verwenden. Die Seite mit den Datenschutzbestimmungen finden Sie unter: https:\/\/automattic.com\/privacy\/. Nachdem Ihr Kommentar genehmigt wurde, wird Ihr Profilbild im Zusammenhang mit Ihrem Kommentar \u00f6ffentlich sichtbar.<\/p>\r\n\r\n\r\n\r\n<h3 class=\"wp-block-heading\">Medien<\/h3>\r\n\r\n\r\n\r\n<p>Wenn Sie als registrierter Benutzer Bilder auf die Website hochladen, sollten Sie das Hochladen von Bildern mit EXIF-GPS-Informationen verhindern. Besucher der Website k\u00f6nnen diese Bilder herunterladen und diese Informationen einsehen.<\/p>\r\n\r\n\r\n\r\n<h3 class=\"wp-block-heading\">Kontaktformulare.<\/h3>\r\n\r\n\r\n\r\n<h3 class=\"wp-block-heading\">Cookies<\/h3>\r\n\r\n\r\n\r\n<p>Wenn Sie einen Kommentar auf unserer Website hinterlassen, k\u00f6nnen Sie angeben, ob wir Ihren Namen, Ihre E-Mail-Adresse und Ihre Website in einem Cookie speichern d\u00fcrfen. Dies geschieht zu Ihrem eigenen Komfort, da Sie bei Ihrem n\u00e4chsten Kommentar Ihre pers\u00f6nlichen Daten nicht mehr ausf\u00fcllen m\u00fcssen. Diese Cookies sind ein Jahr lang g\u00fcltig.<\/p>\r\n\r\n\r\n\r\n<p>Wenn Sie unsere Login-Seite besuchen, speichern wir vor\u00fcbergehend ein Cookie, um zu pr\u00fcfen, ob Ihr Browser Cookies akzeptiert. Dieses Cookie enth\u00e4lt keine pers\u00f6nlichen Informationen und wird entfernt, sobald Sie den Browser schlie\u00dfen.<\/p>\r\n\r\n\r\n\r\n<p>Wenn Sie sich anmelden, speichern wir einige Cookies zu Ihren Anmeldeinformationen und Anzeigeoptionen. Anmelde-Cookies sind zwei Tage lang g\u00fcltig und Cookies f\u00fcr Anzeigeoptionen 1 Jahr lang. Wenn Sie &#8222;Remember me&#8220; w\u00e4hlen, wird Ihre Anmeldung zwei Wochen lang gespeichert. Sobald Sie sich von Ihrem Konto abmelden, werden Ihre Cookies gel\u00f6scht.<\/p>\r\n\r\n\r\n\r\n<p>Wenn Sie einen Artikel bearbeiten oder ver\u00f6ffentlichen, wird ein zus\u00e4tzliches Cookie von Ihrem Browser gespeichert. Dieses Cookie enth\u00e4lt nur die Post-ID des von Ihnen bearbeiteten Artikels und enth\u00e4lt keine pers\u00f6nlichen Daten. Dieses Cookie verf\u00e4llt nach einem Tag.<\/p>\r\n\r\n\r\n\r\n<h3 class=\"wp-block-heading\">Eingebettete Inhalte von anderen Websites<\/h3>\r\n\r\n\r\n\r\n<p>Die Artikel auf dieser Website k\u00f6nnen (eingebettete) Inhalte enthalten (z. B. Videos, Bilder, Nachrichten usw.). Eingebettete Inhalte von anderen Websites verhalten sich genau so, als wenn der Besucher die externe Website besuchen w\u00fcrde.<\/p>\r\n\r\n\r\n\r\n<p>Diese Websites k\u00f6nnen personenbezogene Daten sammeln, Cookies verwenden, Tracking durch Dritte einbeziehen und Ihre Interaktion mit diesen enthaltenen Inhalten \u00fcberwachen, wenn Sie ein Konto haben und auf dieser Website angemeldet sind.<\/p>\r\n\r\n\r\n\r\n<h3 class=\"wp-block-heading\">Analytik<\/h3>\r\n\r\n\r\n\r\n<h2 class=\"wp-block-heading\">Mit wem wir Ihre Daten teilen<\/h2>\r\n\r\n\r\n\r\n<h2 class=\"wp-block-heading\">Wie lange wir Ihre Daten speichern<\/h2>\r\n\r\n\r\n\r\n<p>Wenn Sie einen Kommentar hinterlassen, werden dieser Kommentar und die Metadaten des Kommentars f\u00fcr immer gespeichert. Auf diese Weise k\u00f6nnen wir Folgekommentare automatisch erkennen und genehmigen, ohne sie moderieren zu m\u00fcssen.<\/p>\r\n\r\n\r\n\r\n<p>F\u00fcr Nutzer, die auf unserer Website registriert sind (falls zutreffend), speichern wir auch pers\u00f6nliche Daten in ihrem Nutzerprofil. Alle Nutzer k\u00f6nnen ihre pers\u00f6nlichen Daten jederzeit einsehen, bearbeiten oder l\u00f6schen (der Nutzername kann nicht bearbeitet werden). Website-Administratoren k\u00f6nnen diese Informationen ebenfalls einsehen und bearbeiten.<\/p>\r\n\r\n\r\n\r\n<h2 class=\"wp-block-heading\">Welche Rechte Sie in Bezug auf Ihre Daten haben<\/h2>\r\n\r\n\r\n\r\n<p>Wenn Sie ein Konto haben oder Kommentare hinterlassen haben, k\u00f6nnen Sie eine Exportdatei Ihrer pers\u00f6nlichen Daten anfordern, einschlie\u00dflich aller Daten, die Sie eingegeben haben. Sie k\u00f6nnen auch verlangen, dass wir alle Ihre Daten, die wir haben, l\u00f6schen. Davon ausgenommen sind Daten, die wir aus verwaltungstechnischen, rechtlichen oder sicherheitsrelevanten Gr\u00fcnden speichern m\u00fcssen.<\/p>\r\n\r\n\r\n\r\n<h2 class=\"wp-block-heading\">Wohin wir Ihre Daten senden<\/h2>\r\n\r\n\r\n\r\n<p>Kommentare von Besuchern k\u00f6nnen von einem automatischen Spam-Erkennungsdienst gehostet werden.<\/p>\r\n\r\n\r\n\r\n<h2 class=\"wp-block-heading\">Ihre Kontaktinformationen<\/h2>\r\n\r\n\r\n\r\n<h2 class=\"wp-block-heading\">Zus\u00e4tzliche Informationen<\/h2>\r\n\r\n\r\n\r\n<h3 class=\"wp-block-heading\">Wie wir Ihre Daten sch\u00fctzen<\/h3>\r\n\r\n\r\n\r\n<h3 class=\"wp-block-heading\">Welche Verfahren wir bei Datenschutzverletzungen implementiert haben<\/h3>\r\n\r\n\r\n\r\n<h3 class=\"wp-block-heading\">Von welchen Drittparteien wir Daten erhalten<\/h3>\r\n\r\n\r\n\r\n<h3 class=\"wp-block-heading\">Welche Art von automatisierten Entscheidungen wir treffen und welches Profiling wir mit Nutzerdaten durchf\u00fchren<\/h3>\r\n\r\n\r\n\r\n<h3 class=\"wp-block-heading\">Offenlegungspflichten der Industrie<\/h3>\r\n","protected":false},"excerpt":{"rendered":"<p>Wer sind wir? Unsere Website lautet: https:\/\/dev.pet-innovators.nl Welche pers\u00f6nlichen Informationen wir sammeln und warum wir sie sammeln Kommentare Wenn ein Besucher einen Kommentar auf unserer Website hinterl\u00e4sst, erfassen wir die im Kommentarformular angezeigten Informationen, die IP-Adresse des Besuchers und den Browser-Benutzeragenten, um Spam zu erkennen. Eine anonymisierte Zeichenkette, die auf der Grundlage Ihrer E-Mail-Adresse erstellt&hellip;<\/p>\n","protected":false},"author":1,"featured_media":0,"parent":0,"menu_order":0,"comment_status":"closed","ping_status":"closed","template":"page_content.php","meta":{"_acf_changed":false,"inline_featured_image":false,"footnotes":""},"class_list":["post-1625","page","type-page","status-publish","hentry"],"acf":[],"yoast_head":"<!-- This site is optimized with the Yoast SEO plugin v23.0 - https:\/\/yoast.com\/wordpress\/plugins\/seo\/ -->\n<title>Datenschutz-Erkl\u00e4rung - HPI Pet innovators<\/title>\n<meta name=\"robots\" content=\"index, follow, max-snippet:-1, max-image-preview:large, max-video-preview:-1\" \/>\n<link rel=\"canonical\" href=\"https:\/\/pet-innovators.nl\/de\/datenschutz-erklaerung\/\" \/>\n<meta property=\"og:locale\" content=\"de_DE\" \/>\n<meta property=\"og:type\" content=\"article\" \/>\n<meta property=\"og:title\" content=\"Datenschutz-Erkl\u00e4rung - HPI Pet innovators\" \/>\n<meta property=\"og:description\" content=\"Wer sind wir? Unsere Website lautet: https:\/\/dev.pet-innovators.nl Welche pers\u00f6nlichen Informationen wir sammeln und warum wir sie sammeln Kommentare Wenn ein Besucher einen Kommentar auf unserer Website hinterl\u00e4sst, erfassen wir die im Kommentarformular angezeigten Informationen, die IP-Adresse des Besuchers und den Browser-Benutzeragenten, um Spam zu erkennen. Eine anonymisierte Zeichenkette, die auf der Grundlage Ihrer E-Mail-Adresse erstellt&hellip;\" \/>\n<meta property=\"og:url\" content=\"https:\/\/pet-innovators.nl\/de\/datenschutz-erklaerung\/\" \/>\n<meta property=\"og:site_name\" content=\"HPI Pet innovators\" \/>\n<meta property=\"article:modified_time\" content=\"2021-10-26T12:07:50+00:00\" \/>\n<meta name=\"twitter:card\" content=\"summary_large_image\" \/>\n<meta name=\"twitter:label1\" content=\"Gesch\u00e4tzte Lesezeit\" \/>\n\t<meta name=\"twitter:data1\" content=\"3 Minuten\" \/>\n<script type=\"application\/ld+json\" class=\"yoast-schema-graph\">{\"@context\":\"https:\/\/schema.org\",\"@graph\":[{\"@type\":\"WebPage\",\"@id\":\"https:\/\/pet-innovators.nl\/de\/datenschutz-erklaerung\/\",\"url\":\"https:\/\/pet-innovators.nl\/de\/datenschutz-erklaerung\/\",\"name\":\"Datenschutz-Erkl\u00e4rung - HPI Pet innovators\",\"isPartOf\":{\"@id\":\"https:\/\/pet-innovators.nl\/de\/#website\"},\"datePublished\":\"2021-10-26T12:00:38+00:00\",\"dateModified\":\"2021-10-26T12:07:50+00:00\",\"breadcrumb\":{\"@id\":\"https:\/\/pet-innovators.nl\/de\/datenschutz-erklaerung\/#breadcrumb\"},\"inLanguage\":\"de-DE\",\"potentialAction\":[{\"@type\":\"ReadAction\",\"target\":[\"https:\/\/pet-innovators.nl\/de\/datenschutz-erklaerung\/\"]}]},{\"@type\":\"BreadcrumbList\",\"@id\":\"https:\/\/pet-innovators.nl\/de\/datenschutz-erklaerung\/#breadcrumb\",\"itemListElement\":[{\"@type\":\"ListItem\",\"position\":1,\"name\":\"Home\",\"item\":\"https:\/\/pet-innovators.nl\/de\/\"},{\"@type\":\"ListItem\",\"position\":2,\"name\":\"Datenschutz-Erkl\u00e4rung\"}]},{\"@type\":\"WebSite\",\"@id\":\"https:\/\/pet-innovators.nl\/de\/#website\",\"url\":\"https:\/\/pet-innovators.nl\/de\/\",\"name\":\"HPI Pet innovators\",\"description\":\"HPI group\",\"publisher\":{\"@id\":\"https:\/\/pet-innovators.nl\/de\/#organization\"},\"potentialAction\":[{\"@type\":\"SearchAction\",\"target\":{\"@type\":\"EntryPoint\",\"urlTemplate\":\"https:\/\/pet-innovators.nl\/de\/?s={search_term_string}\"},\"query-input\":\"required name=search_term_string\"}],\"inLanguage\":\"de-DE\"},{\"@type\":\"Organization\",\"@id\":\"https:\/\/pet-innovators.nl\/de\/#organization\",\"name\":\"HPI Pet Innovators\",\"url\":\"https:\/\/pet-innovators.nl\/de\/\",\"logo\":{\"@type\":\"ImageObject\",\"inLanguage\":\"de-DE\",\"@id\":\"https:\/\/pet-innovators.nl\/de\/#\/schema\/logo\/image\/\",\"url\":\"https:\/\/dev.pet-innovators.nl\/wp-content\/uploads\/2021\/04\/Group-147asd.svg\",\"contentUrl\":\"https:\/\/dev.pet-innovators.nl\/wp-content\/uploads\/2021\/04\/Group-147asd.svg\",\"width\":290,\"height\":56,\"caption\":\"HPI Pet Innovators\"},\"image\":{\"@id\":\"https:\/\/pet-innovators.nl\/de\/#\/schema\/logo\/image\/\"}}]}<\/script>\n<!-- \/ Yoast SEO plugin. -->","yoast_head_json":{"title":"Datenschutz-Erkl\u00e4rung - HPI Pet innovators","robots":{"index":"index","follow":"follow","max-snippet":"max-snippet:-1","max-image-preview":"max-image-preview:large","max-video-preview":"max-video-preview:-1"},"canonical":"https:\/\/pet-innovators.nl\/de\/datenschutz-erklaerung\/","og_locale":"de_DE","og_type":"article","og_title":"Datenschutz-Erkl\u00e4rung - HPI Pet innovators","og_description":"Wer sind wir? Unsere Website lautet: https:\/\/dev.pet-innovators.nl Welche pers\u00f6nlichen Informationen wir sammeln und warum wir sie sammeln Kommentare Wenn ein Besucher einen Kommentar auf unserer Website hinterl\u00e4sst, erfassen wir die im Kommentarformular angezeigten Informationen, die IP-Adresse des Besuchers und den Browser-Benutzeragenten, um Spam zu erkennen. Eine anonymisierte Zeichenkette, die auf der Grundlage Ihrer E-Mail-Adresse erstellt&hellip;","og_url":"https:\/\/pet-innovators.nl\/de\/datenschutz-erklaerung\/","og_site_name":"HPI Pet innovators","article_modified_time":"2021-10-26T12:07:50+00:00","twitter_card":"summary_large_image","twitter_misc":{"Gesch\u00e4tzte Lesezeit":"3 Minuten"},"schema":{"@context":"https:\/\/schema.org","@graph":[{"@type":"WebPage","@id":"https:\/\/pet-innovators.nl\/de\/datenschutz-erklaerung\/","url":"https:\/\/pet-innovators.nl\/de\/datenschutz-erklaerung\/","name":"Datenschutz-Erkl\u00e4rung - HPI Pet innovators","isPartOf":{"@id":"https:\/\/pet-innovators.nl\/de\/#website"},"datePublished":"2021-10-26T12:00:38+00:00","dateModified":"2021-10-26T12:07:50+00:00","breadcrumb":{"@id":"https:\/\/pet-innovators.nl\/de\/datenschutz-erklaerung\/#breadcrumb"},"inLanguage":"de-DE","potentialAction":[{"@type":"ReadAction","target":["https:\/\/pet-innovators.nl\/de\/datenschutz-erklaerung\/"]}]},{"@type":"BreadcrumbList","@id":"https:\/\/pet-innovators.nl\/de\/datenschutz-erklaerung\/#breadcrumb","itemListElement":[{"@type":"ListItem","position":1,"name":"Home","item":"https:\/\/pet-innovators.nl\/de\/"},{"@type":"ListItem","position":2,"name":"Datenschutz-Erkl\u00e4rung"}]},{"@type":"WebSite","@id":"https:\/\/pet-innovators.nl\/de\/#website","url":"https:\/\/pet-innovators.nl\/de\/","name":"HPI Pet innovators","description":"HPI group","publisher":{"@id":"https:\/\/pet-innovators.nl\/de\/#organization"},"potentialAction":[{"@type":"SearchAction","target":{"@type":"EntryPoint","urlTemplate":"https:\/\/pet-innovators.nl\/de\/?s={search_term_string}"},"query-input":"required name=search_term_string"}],"inLanguage":"de-DE"},{"@type":"Organization","@id":"https:\/\/pet-innovators.nl\/de\/#organization","name":"HPI Pet Innovators","url":"https:\/\/pet-innovators.nl\/de\/","logo":{"@type":"ImageObject","inLanguage":"de-DE","@id":"https:\/\/pet-innovators.nl\/de\/#\/schema\/logo\/image\/","url":"https:\/\/dev.pet-innovators.nl\/wp-content\/uploads\/2021\/04\/Group-147asd.svg","contentUrl":"https:\/\/dev.pet-innovators.nl\/wp-content\/uploads\/2021\/04\/Group-147asd.svg","width":290,"height":56,"caption":"HPI Pet Innovators"},"image":{"@id":"https:\/\/pet-innovators.nl\/de\/#\/schema\/logo\/image\/"}}]}},"_links":{"self":[{"href":"https:\/\/pet-innovators.nl\/de\/wp-json\/wp\/v2\/pages\/1625","targetHints":{"allow":["GET"]}}],"collection":[{"href":"https:\/\/pet-innovators.nl\/de\/wp-json\/wp\/v2\/pages"}],"about":[{"href":"https:\/\/pet-innovators.nl\/de\/wp-json\/wp\/v2\/types\/page"}],"author":[{"embeddable":true,"href":"https:\/\/pet-innovators.nl\/de\/wp-json\/wp\/v2\/users\/1"}],"replies":[{"embeddable":true,"href":"https:\/\/pet-innovators.nl\/de\/wp-json\/wp\/v2\/comments?post=1625"}],"version-history":[{"count":3,"href":"https:\/\/pet-innovators.nl\/de\/wp-json\/wp\/v2\/pages\/1625\/revisions"}],"predecessor-version":[{"id":1628,"href":"https:\/\/pet-innovators.nl\/de\/wp-json\/wp\/v2\/pages\/1625\/revisions\/1628"}],"wp:attachment":[{"href":"https:\/\/pet-innovators.nl\/de\/wp-json\/wp\/v2\/media?parent=1625"}],"curies":[{"name":"wp","href":"https:\/\/api.w.org\/{rel}","templated":true}]}}